{"id":7132,"date":"2025-04-07T08:48:03","date_gmt":"2025-04-07T00:48:03","guid":{"rendered":"http:\/\/localhost\/?page_id=7132"},"modified":"2026-03-26T08:42:13","modified_gmt":"2026-03-26T00:42:13","slug":"about-us","status":"publish","type":"page","link":"https:\/\/www.rippa-china.com\/hu\/about-us","title":{"rendered":"R\u00d3LUNK"},"content":{"rendered":"<p data-start=\"140\" data-end=\"464\" data-immersive-translate-walked=\"5606fa6a-8d06-4e75-8c27-66e3ff86e65b\" data-immersive-translate-paragraph=\"1\">A RIPPA egy vezet\u0151 k\u00ednai \u00e9p\u00edt\u0151ipari g\u00e9pgy\u00e1rt\u00f3, amely elk\u00f6telezett az innov\u00e1ci\u00f3, a teljes\u00edtm\u00e9ny \u00e9s a glob\u00e1lis szolg\u00e1ltat\u00e1s ir\u00e1nt. \u00c1tfog\u00f3 term\u00e9kpalett\u00e1j\u00e1val, amely a k\u00f6vetkez\u0151ket foglalja mag\u00e1ban <strong data-start=\"303\" data-end=\"407\" data-immersive-translate-walked=\"5606fa6a-8d06-4e75-8c27-66e3ff86e65b\">kotr\u00f3g\u00e9pek, rakod\u00f3g\u00e9pek, targonc\u00e1k, kotr\u00f3rakod\u00f3k, kerekes rakod\u00f3k, d\u00f6mperek \u00e9s traktorok.<\/strong>A RIPPA vil\u00e1gszerte t\u00f6bb mint 100 orsz\u00e1gban szolg\u00e1lja ki \u00fcgyfeleit.<\/p>\n<h3 data-start=\"466\" data-end=\"523\" data-immersive-translate-walked=\"5606fa6a-8d06-4e75-8c27-66e3ff86e65b\" data-immersive-translate-paragraph=\"1\">NAGY HANGS\u00daLYT FEKTET\u00dcNK A KOTR\u00d3G\u00c9PEKRE \u00c9S A CS\u00daSZ\u00d3 RAKOD\u00d3KRA<\/h3>\n<p data-start=\"524\" data-end=\"843\" data-immersive-translate-walked=\"5606fa6a-8d06-4e75-8c27-66e3ff86e65b\" data-immersive-translate-paragraph=\"1\">Alapvet\u0151 term\u00e9kcsal\u00e1djaink...<strong data-start=\"547\" data-end=\"584\" data-immersive-translate-walked=\"5606fa6a-8d06-4e75-8c27-66e3ff86e65b\">kotr\u00f3g\u00e9pek \u00e9s rakod\u00f3g\u00e9pek<\/strong>-a RIPPA nemzetk\u00f6zi siker\u00e9nek sarokk\u00f6v\u00e9v\u00e9 v\u00e1ltak. Teljes k\u00f6r\u0171 szolg\u00e1ltat\u00e1st k\u00edn\u00e1lunk <strong data-start=\"672\" data-end=\"704\" data-immersive-translate-walked=\"5606fa6a-8d06-4e75-8c27-66e3ff86e65b\">1 \u00e9s 50 tonna k\u00f6z\u00f6tti kotr\u00f3g\u00e9pek<\/strong>, including top-selling mini models like the R10, R13, R15, R18, and R22, R32 as well as large-scale machines tailored for demanding job sites.<\/p>\n<p data-start=\"845\" data-end=\"1225\" data-immersive-translate-walked=\"5606fa6a-8d06-4e75-8c27-66e3ff86e65b\" data-immersive-translate-paragraph=\"1\">A <strong data-start=\"849\" data-end=\"871\" data-immersive-translate-walked=\"5606fa6a-8d06-4e75-8c27-66e3ff86e65b\">cs\u00fasz\u00f3kerekes rakod\u00f3k<\/strong> sokoldal\u00fas\u00e1gra, stabilit\u00e1sra \u00e9s k\u00f6nny\u0171 kezelhet\u0151s\u00e9gre tervezt\u00e9k, \u00edgy ide\u00e1lisak a h\u00f3eltakar\u00edt\u00e1shoz, az \u00fat\u00e9p\u00edt\u00e9shez, a mez\u0151gazdas\u00e1ghoz \u00e9s a v\u00e1rosi \u00e9p\u00edtkez\u00e9sekhez. Az olyan piacok n\u00f6vekv\u0151 kereslet\u00e9nek k\u00f6sz\u00f6nhet\u0151en, mint Oroszorsz\u00e1g, Kazahszt\u00e1n, \u00c9szak-Amerika \u00e9s Eur\u00f3pa, a RIPPA a fejleszt\u00e9si \u00fctemterv\u00e9ben a cs\u00fasz\u00f3kerek fontoss\u00e1g\u00e1t a kotr\u00f3g\u00e9pek\u00e9vel egy szintre emelte, s\u0151t, m\u00e9g meg is haladta azokat.<\/p>\n<h3 data-start=\"1227\" data-end=\"1272\" data-immersive-translate-walked=\"5606fa6a-8d06-4e75-8c27-66e3ff86e65b\" data-immersive-translate-paragraph=\"1\">GY\u00c1RT\u00c1SI TELJES\u00cdTM\u00c9NY \u00c9S MIN\u0150S\u00c9GBIZTOS\u00cdT\u00c1S<\/h3>\n<p data-start=\"1273\" data-end=\"1622\" data-immersive-translate-walked=\"5606fa6a-8d06-4e75-8c27-66e3ff86e65b\" data-immersive-translate-paragraph=\"1\">A RIPPA m\u0171k\u00f6dik <strong data-start=\"1288\" data-end=\"1317\" data-immersive-translate-walked=\"5606fa6a-8d06-4e75-8c27-66e3ff86e65b\">12 intelligens gy\u00e1rt\u00f3sor<\/strong> automatiz\u00e1lt anyagsz\u00e1ll\u00edt\u00f3 rendszerekkel \u00e9s val\u00f3s idej\u0171 adatfigyel\u00e9ssel felszereltek. L\u00e9tes\u00edtm\u00e9nyeink t\u00f6bb mint <strong data-start=\"1427\" data-end=\"1458\" data-immersive-translate-walked=\"5606fa6a-8d06-4e75-8c27-66e3ff86e65b\">150 mini kotr\u00f3g\u00e9p naponta<\/strong>, amelyet szigor\u00fa, teljes l\u00e1nc\u00fa min\u0151s\u00e9gellen\u0151rz\u00e9si rendszer t\u00e1mogat. B\u00e1rmilyen hiba nemcsak azonnali eszk\u00f6zfriss\u00edt\u00e9st, hanem t\u00e9telszint\u0171 visszah\u00edv\u00e1st \u00e9s ism\u00e9telt ellen\u0151rz\u00e9st is kiv\u00e1lt.<\/p>\n<p data-start=\"1624\" data-end=\"1782\" data-immersive-translate-walked=\"5606fa6a-8d06-4e75-8c27-66e3ff86e65b\" data-immersive-translate-paragraph=\"1\">Mi is <strong data-start=\"1636\" data-end=\"1719\" data-immersive-translate-walked=\"5606fa6a-8d06-4e75-8c27-66e3ff86e65b\">az egyetlen <em class=\"Highlight ht0c1dd757-a333-4ef3-ad5a-4ae517506d07\" data-immersive-translate-walked=\"5606fa6a-8d06-4e75-8c27-66e3ff86e65b\">Chinese mini <span class='wp_keywordlink'><a href=\"https:\/\/www.rippa-china.com\/hu\/\" title=\"kotr\u00f3g\u00e9p\" target=\"_blank\">kotr\u00f3g\u00e9p<\/a><\/span><\/em> a Kubot\u00e1val m\u00e9ly m\u0171szaki egy\u00fcttm\u0171k\u00f6d\u00e9sben l\u00e9v\u0151 m\u00e1rka<\/strong>, pr\u00e9mium motorteljes\u00edtm\u00e9nyt \u00e9s glob\u00e1lis alkatr\u00e9sz-t\u00e1mogat\u00e1st biztos\u00edtva.<\/p>\n<h3 data-start=\"1784\" data-end=\"1811\" data-immersive-translate-walked=\"5606fa6a-8d06-4e75-8c27-66e3ff86e65b\" data-immersive-translate-paragraph=\"1\">KERESKED\u0150-ELS\u0150 STRAT\u00c9GIA<\/h3>\n<p data-start=\"1812\" data-end=\"1883\" data-immersive-translate-walked=\"5606fa6a-8d06-4e75-8c27-66e3ff86e65b\" data-immersive-translate-paragraph=\"1\">A RIPPA elk\u00f6telezett amellett, hogy glob\u00e1lis keresked\u0151 partnereinkkel egy\u00fctt n\u00f6vekedjen:<\/p>\n<ul data-start=\"1884\" data-end=\"2480\" data-immersive-translate-walked=\"5606fa6a-8d06-4e75-8c27-66e3ff86e65b\">\n<li data-start=\"1884\" data-end=\"1961\" data-immersive-translate-walked=\"5606fa6a-8d06-4e75-8c27-66e3ff86e65b\">\n<p data-start=\"1886\" data-end=\"1961\" data-immersive-translate-walked=\"5606fa6a-8d06-4e75-8c27-66e3ff86e65b\" data-immersive-translate-paragraph=\"1\"><strong data-start=\"1886\" data-end=\"1909\" data-immersive-translate-walked=\"5606fa6a-8d06-4e75-8c27-66e3ff86e65b\">Tengerent\u00fali rakt\u00e1rak<\/strong> \u00c9szak-Amerik\u00e1ban \u00e9s Eur\u00f3p\u00e1ban t\u00e1mogatj\u00e1k a helyi k\u00e9zbes\u00edt\u00e9st.<\/p>\n<\/li>\n<li data-start=\"1962\" data-end=\"2048\" data-immersive-translate-walked=\"5606fa6a-8d06-4e75-8c27-66e3ff86e65b\">\n<p data-start=\"1964\" data-end=\"2048\" data-immersive-translate-walked=\"5606fa6a-8d06-4e75-8c27-66e3ff86e65b\" data-immersive-translate-paragraph=\"1\"><strong data-start=\"1964\" data-end=\"1994\" data-immersive-translate-walked=\"5606fa6a-8d06-4e75-8c27-66e3ff86e65b\">R\u00e9gi\u00f3v\u00e9delmi politik\u00e1k<\/strong> a csatornakonfliktusok megel\u0151z\u00e9se \u00e9s a keresked\u0151i \u00e9rdekek biztos\u00edt\u00e1sa.<\/p>\n<\/li>\n<li data-start=\"2049\" data-end=\"2104\" data-immersive-translate-walked=\"5606fa6a-8d06-4e75-8c27-66e3ff86e65b\">\n<p data-start=\"2051\" data-end=\"2104\" data-immersive-translate-walked=\"5606fa6a-8d06-4e75-8c27-66e3ff86e65b\" data-immersive-translate-paragraph=\"1\"><strong data-start=\"2051\" data-end=\"2079\" data-immersive-translate-walked=\"5606fa6a-8d06-4e75-8c27-66e3ff86e65b\">A keresked\u0151 bel\u00e9p\u00e9se rugalmas<\/strong>\u2014start with just 5 units.<\/p>\n<\/li>\n<li data-start=\"2105\" data-end=\"2209\" data-immersive-translate-walked=\"5606fa6a-8d06-4e75-8c27-66e3ff86e65b\">\n<p data-start=\"2107\" data-end=\"2209\" data-immersive-translate-walked=\"5606fa6a-8d06-4e75-8c27-66e3ff86e65b\" data-immersive-translate-paragraph=\"1\"><strong data-start=\"2107\" data-end=\"2152\" data-immersive-translate-walked=\"5606fa6a-8d06-4e75-8c27-66e3ff86e65b\">Ak\u00e1r $500,000 m\u00e1rkamarketing-t\u00e1mogat\u00e1s<\/strong>, bele\u00e9rtve a Google Ads, YouTube \u00e9s Facebook prom\u00f3ci\u00f3kat.<\/p>\n<\/li>\n<li data-start=\"2210\" data-end=\"2290\" data-immersive-translate-walked=\"5606fa6a-8d06-4e75-8c27-66e3ff86e65b\">\n<p data-start=\"2212\" data-end=\"2290\" data-immersive-translate-walked=\"5606fa6a-8d06-4e75-8c27-66e3ff86e65b\" data-immersive-translate-paragraph=\"1\"><strong data-start=\"2212\" data-end=\"2246\" data-immersive-translate-walked=\"5606fa6a-8d06-4e75-8c27-66e3ff86e65b\">Exkluz\u00edv prom\u00f3ci\u00f3s list\u00e1k<\/strong> a RIPPA weboldal\u00e1n a kapcsolatfelv\u00e9tel l\u00e1that\u00f3s\u00e1g\u00e1val.<\/p>\n<\/li>\n<li data-start=\"2291\" data-end=\"2388\" data-immersive-translate-walked=\"5606fa6a-8d06-4e75-8c27-66e3ff86e65b\">\n<p data-start=\"2293\" data-end=\"2388\" data-immersive-translate-walked=\"5606fa6a-8d06-4e75-8c27-66e3ff86e65b\" data-immersive-translate-paragraph=\"1\"><strong data-start=\"2293\" data-end=\"2319\" data-immersive-translate-walked=\"5606fa6a-8d06-4e75-8c27-66e3ff86e65b\">T\u00f6bbszint\u0171 keresked\u0151i programok<\/strong> a v\u00e1s\u00e1rl\u00e1si mennyis\u00e9g alapj\u00e1n: bemutat\u00f3egys\u00e9gek, kedvezm\u00e9nyek, region\u00e1lis kiz\u00e1r\u00f3lagoss\u00e1g.<\/p>\n<\/li>\n<li data-start=\"2389\" data-end=\"2480\" data-immersive-translate-walked=\"5606fa6a-8d06-4e75-8c27-66e3ff86e65b\">\n<p data-start=\"2391\" data-end=\"2480\" data-immersive-translate-walked=\"5606fa6a-8d06-4e75-8c27-66e3ff86e65b\" data-immersive-translate-paragraph=\"1\"><strong data-start=\"2391\" data-end=\"2409\" data-immersive-translate-walked=\"5606fa6a-8d06-4e75-8c27-66e3ff86e65b\">1-on-1 szolg\u00e1ltat\u00e1s<\/strong>, rugalmas fizet\u00e9s \u00e9s teljes k\u00f6r\u0171 technikai t\u00e1mogat\u00e1s - mind t\u00e1voli, mind helysz\u00edni.<\/p>\n<\/li>\n<\/ul>\n<h3 data-start=\"2482\" data-end=\"2509\" data-immersive-translate-walked=\"5606fa6a-8d06-4e75-8c27-66e3ff86e65b\" data-immersive-translate-paragraph=\"1\">\u00dcGYF\u00c9LK\u00d6ZPONT\u00da \u00c9RT\u00c9KEK<\/h3>\n<p data-start=\"2510\" data-end=\"2629\" data-immersive-translate-walked=\"5606fa6a-8d06-4e75-8c27-66e3ff86e65b\" data-immersive-translate-paragraph=\"1\">Hisz\u00fcnk az \u00e9rt\u00e9kes\u00edt\u00e9sben <strong data-start=\"2532\" data-end=\"2584\" data-immersive-translate-walked=\"5606fa6a-8d06-4e75-8c27-66e3ff86e65b\">a legjobb teljes\u00edtm\u00e9ny\u0171 g\u00e9pek minden \u00e1rkateg\u00f3ri\u00e1ban<\/strong>, nem a legolcs\u00f3bb. Minden g\u00e9phez tartozik:<\/p>\n<ul data-start=\"2630\" data-end=\"2717\" data-immersive-translate-walked=\"5606fa6a-8d06-4e75-8c27-66e3ff86e65b\">\n<li data-start=\"2630\" data-end=\"2663\" data-immersive-translate-walked=\"5606fa6a-8d06-4e75-8c27-66e3ff86e65b\">\n<p data-start=\"2632\" data-end=\"2663\" data-immersive-translate-walked=\"5606fa6a-8d06-4e75-8c27-66e3ff86e65b\" data-immersive-translate-paragraph=\"1\">Ingyenes mell\u00e9kletek ($1,000 \u00e9rt\u00e9kben)<\/p>\n<\/li>\n<li data-start=\"2664\" data-end=\"2681\" data-immersive-translate-walked=\"5606fa6a-8d06-4e75-8c27-66e3ff86e65b\">\n<p data-start=\"2666\" data-end=\"2681\" data-immersive-translate-walked=\"5606fa6a-8d06-4e75-8c27-66e3ff86e65b\" data-immersive-translate-paragraph=\"1\">1-3-year warranty<\/p>\n<\/li>\n<li data-start=\"2682\" data-end=\"2717\" data-immersive-translate-walked=\"5606fa6a-8d06-4e75-8c27-66e3ff86e65b\">\n<p data-start=\"2684\" data-end=\"2717\" data-immersive-translate-walked=\"5606fa6a-8d06-4e75-8c27-66e3ff86e65b\" data-immersive-translate-paragraph=\"1\">\u00c1tl\u00e1that\u00f3 \u00e1rk\u00e9pz\u00e9s a v\u00e9gfelhaszn\u00e1l\u00f3k sz\u00e1m\u00e1ra<\/p>\n<\/li>\n<\/ul>\n<p data-start=\"2719\" data-end=\"2823\" data-immersive-translate-walked=\"5606fa6a-8d06-4e75-8c27-66e3ff86e65b\" data-immersive-translate-paragraph=\"1\">Az \u00fcgyfeleket \u00e9s partnereket sz\u00edvesen l\u00e1tjuk <strong data-start=\"2757\" data-end=\"2787\" data-immersive-translate-walked=\"5606fa6a-8d06-4e75-8c27-66e3ff86e65b\">l\u00e1togasson el gy\u00e1runkba K\u00edn\u00e1ban<\/strong>-teljes k\u00f6r\u0171 recepci\u00f3s szolg\u00e1ltat\u00e1sokat ny\u00fajtunk.<\/p>","protected":false},"excerpt":{"rendered":"<p>RIPPA is a leading Chinese construction machinery manufacturer committed to innovation, performance, and global service. With a comprehensive lineup that includes excavators, skid steer loaders, forklifts, backhoe loaders, wheel loaders, dump trucks, and tractors, RIPPA serves customers in over 100 countries worldwide. A STRONG FOCUS ON EXCAVATORS AND SKID STEER LOADERS Our core product lines\u2014excavators [&hellip;]<\/p>","protected":false},"author":1,"featured_media":9426,"parent":0,"menu_order":0,"comment_status":"closed","ping_status":"closed","template":"about.php","meta":{"_acf_changed":false,"_seopress_robots_primary_cat":"","_seopress_titles_title":"","_seopress_titles_desc":"","_seopress_robots_index":"","footnotes":""},"class_list":["post-7132","page","type-page","status-publish","has-post-thumbnail","hentry"],"acf":[],"_links":{"self":[{"href":"https:\/\/www.rippa-china.com\/hu\/wp-json\/wp\/v2\/pages\/7132","targetHints":{"allow":["GET"]}}],"collection":[{"href":"https:\/\/www.rippa-china.com\/hu\/wp-json\/wp\/v2\/pages"}],"about":[{"href":"https:\/\/www.rippa-china.com\/hu\/wp-json\/wp\/v2\/types\/page"}],"author":[{"embeddable":true,"href":"https:\/\/www.rippa-china.com\/hu\/wp-json\/wp\/v2\/users\/1"}],"replies":[{"embeddable":true,"href":"https:\/\/www.rippa-china.com\/hu\/wp-json\/wp\/v2\/comments?post=7132"}],"version-history":[{"count":20,"href":"https:\/\/www.rippa-china.com\/hu\/wp-json\/wp\/v2\/pages\/7132\/revisions"}],"predecessor-version":[{"id":10163,"href":"https:\/\/www.rippa-china.com\/hu\/wp-json\/wp\/v2\/pages\/7132\/revisions\/10163"}],"wp:featuredmedia":[{"embeddable":true,"href":"https:\/\/www.rippa-china.com\/hu\/wp-json\/wp\/v2\/media\/9426"}],"wp:attachment":[{"href":"https:\/\/www.rippa-china.com\/hu\/wp-json\/wp\/v2\/media?parent=7132"}],"curies":[{"name":"wp","href":"https:\/\/api.w.org\/{rel}","templated":true}]}}